{"id":49,"date":"2023-04-11T04:46:08","date_gmt":"2023-04-11T04:46:08","guid":{"rendered":"https:\/\/www.iidia.org\/?page_id=49"},"modified":"2023-07-04T17:48:37","modified_gmt":"2023-07-04T17:48:37","slug":"insights","status":"publish","type":"page","link":"https:\/\/www.iidia.org\/fr\/insights\/","title":{"rendered":"Reflexions"},"content":{"rendered":"<div id=\"fws_69e635ec28919\"  data-column-margin=\"default\" data-midnight=\"dark\" data-top-percent=\"10%\" data-bottom-percent=\"10%\" data-nectar-animated-gradient-settings=\"{&quot;color_1&quot;:&quot;#ffe3ba&quot;,&quot;color_2&quot;:&quot;#d6ffef&quot;,&quot;speed&quot;:&quot;850&quot;,&quot;blending_mode&quot;:&quot;linear&quot;}\"  class=\"wpb_row vc_row-fluid vc_row full-width-content vc_row-o-equal-height vc_row-flex vc_row-o-content-middle  clip-path-start-desktop-0px-0px-0px-0px-0 clip-path-end-desktop-30px-30px-30px-30px-20px clip-path-start-tablet-0-0-0-0-0 clip-path-end-tablet-0-0-0-0-20px clip-path-start-phone-0-0-0-0-0 clip-path-end-phone-50px-24px-24px-24px-20px clip-path-entire-row nectar-overflow-hidden top_padding_tablet_10pct top_padding_phone_20pct bottom_padding_tablet_7pct bottom_padding_phone_20pct\"  style=\"padding-top: calc(100vw * 0.10); padding-bottom: calc(100vw * 0.10); \"><div class=\"row-bg-wrap has-animated-gradient\" data-bg-animation=\"clip-path\" data-bg-animation-delay=\"1000\" data-bg-overlay=\"false\"><div class=\"inner-wrap row-bg-layer using-image\" style=\"background-color: #f7f2ef;\" ><div class=\"row-bg viewport-desktop using-image using-bg-color\"  style=\"background-image: url(https:\/\/www.iidia.org\/wp-content\/uploads\/2023\/04\/iidia_bck-tech-02.svg); background-position: left top; background-repeat: no-repeat; background-color: #f7f2ef; \"><\/div><\/div><\/div><div class=\"row_col_wrap_12 col span_12 dark left\">\n\t<div  class=\"vc_col-sm-12 wpb_column column_container vc_column_container col no-extra-padding column_position_static el_spacing_0px inherit_tablet inherit_phone\"  data-padding-pos=\"all\" data-has-bg-color=\"false\" data-bg-color=\"\" data-bg-opacity=\"1\" data-animation=\"\" data-delay=\"0\" data-scroll-animation=\"true\" data-scroll-animation-movement=\"default\" data-scroll-animation-mobile=\"\" data-scroll-animation-intensity=\"-4\" >\n\t\t<div class=\"vc_column-inner\" >\n\t\t\t<div class=\"wpb_wrapper\">\n\t\t\t\t<div id=\"fws_69e635ec29283\" data-midnight=\"\" data-column-margin=\"default\" class=\"wpb_row vc_row-fluid vc_row inner_row  right_padding_22pct left_padding_22pct right_padding_phone_14pct left_padding_phone_14pct\"  style=\"padding-bottom: 2%; \"><div class=\"row-bg-wrap\"> <div class=\"row-bg\" ><\/div> <\/div><div class=\"row_col_wrap_12_inner col span_12  left\">\n\t<div  class=\"vc_col-sm-12 wpb_column column_container vc_column_container col child_column centered-text has-animation\"   data-padding-pos=\"all\" data-has-bg-color=\"false\" data-bg-color=\"\" data-bg-opacity=\"1\" data-animation=\"slight-twist\" data-delay=\"200\" data-animation-easing=\"easeInOutCubic\" >\n\t\t<div class=\"vc_column-inner\" >\n\t\t<div class=\"wpb_wrapper\">\n\t\t\t<div class=\"nectar-split-heading  font_size_3vw\" data-align=\"default\" data-m-align=\"inherit\" data-text-effect=\"default\" data-animation-type=\"twist-in\" data-animation-delay=\"0\" data-animation-offset=\"\" data-m-rm-animation=\"\" data-stagger=\"\" data-custom-font-size=\"true\" style=\"font-size: 3vw; line-height: 3.3vw;\"><h1 >Reflexions<\/h1><\/div>\n\t\t<\/div> \n\t<\/div>\n\t<\/div> \n<\/div><\/div>\n\t\t\t<\/div> \n\t\t<\/div>\n\t<\/div> \n<\/div><\/div>\n\t\t<div id=\"fws_69e635ec29d0c\"  data-column-margin=\"default\" data-midnight=\"dark\"  class=\"wpb_row vc_row-fluid vc_row\"  style=\"padding-top: 0px; padding-bottom: 0px; \"><div class=\"row-bg-wrap\" data-bg-animation=\"none\" data-bg-animation-delay=\"\" data-bg-overlay=\"false\"><div class=\"inner-wrap row-bg-layer\" ><div class=\"row-bg viewport-desktop\"  style=\"\"><\/div><\/div><\/div><div class=\"row_col_wrap_12 col span_12 dark left\">\n\t<div  class=\"vc_col-sm-12 wpb_column column_container vc_column_container col no-extra-padding inherit_tablet inherit_phone\"  data-padding-pos=\"all\" data-has-bg-color=\"false\" data-bg-color=\"\" data-bg-opacity=\"1\" data-animation=\"\" data-delay=\"0\" >\n\t\t<div class=\"vc_column-inner\" >\n\t\t\t<div class=\"wpb_wrapper\">\n\t\t\t\t<div class='nectar-post-grid-wrap text-color-dark spacing-25px' data-el-settings='{\"post_type\":\"post\",\"pagination\":\"load-more\",\"image_size\":\"large\",\"parallax_scrolling\":\"\",\"aspect_ratio_image_size\":\"\",\"category_position\":\"default\",\"category_display\":\"default\",\"display_categories\":\"yes\",\"display_excerpt\":\"yes\",\"excerpt_length\":\"20\",\"display_date\":\"yes\",\"display_estimated_reading_time\":\"0\",\"display_author\":\"0\",\"author_functionality\":\"default\",\"author_position\":\"default\",\"color_overlay\":\"\",\"color_overlay_opacity\":\"\",\"color_overlay_hover_opacity\":\"\",\"card_bg_color\":\"\",\"grid_style\":\"content_under_image\",\"hover_effect\":\"zoom\",\"post_title_overlay\":\"\",\"heading_tag\":\"default\",\"heading_tag_render\":\"default\",\"enable_gallery_lightbox\":\"0\",\"category_style\":\"underline\",\"overlay_secondary_project_image\":\"\",\"vertical_list_hover_effect\":\"none\",\"vertical_list_read_more\":\"\",\"read_more_button\":\"0\",\"animation\":\"none\",\"custom_fields\":\"\",\"custom_fields_location\":\"\",\"display_type\":\"grid\"}' data-style='content_under_image' data-query='{\"post_type\":\"post\",\"posts_per_page\":\"6\",\"order\":\"DESC\",\"orderby\":\"date\",\"offset\":\"0\",\"cpt_name\":\"post\",\"custom_query_tax\":\"\",\"ignore_sticky_posts\":\"\",\"exclude_current_post\":\"\"}' data-load-more-color='black' data-load-more-text='Load More'><div class=\"nectar-post-grid-filters\" data-active-color=\"default\" data-align=\"default\" data-animation=\"none\" data-sortable=\"\"><div><a href=\"#\" class=\"active  all-filter\" data-total-count=\"33\" data-filter=\"-1\">All<\/a><a href=\"#\" data-filter=\"article\" data-total-count=\"8\">Article<\/a><a href=\"#\" data-filter=\"blog\" data-total-count=\"4\">Blog<\/a><a href=\"#\" data-filter=\"communique\" data-total-count=\"2\">Communique<\/a><a href=\"#\" data-filter=\"jobs\" data-total-count=\"7\">Jobs<\/a><a href=\"#\" data-filter=\"newsletter\" data-total-count=\"3\">Newsletter<\/a><a href=\"#\" data-filter=\"press-release\" data-total-count=\"7\">Communiqu\u00e9 de presse<\/a><a href=\"#\" data-filter=\"report\" data-total-count=\"1\">rapport 2024 de la GSMA sur l'\u00e9tat du secteur<\/a><a href=\"#\" data-filter=\"speech\" data-total-count=\"1\">Speech<\/a><\/div><\/div><div class=\"nectar-post-grid category-position-before-title\" data-indicator=\"\" data-indicator-style=\"default\" data-indicator-text-color=\"#fff\" data-indicator-color=\"#000\" data-indicator-text=\"View\" data-masonry=\"yes\" data-columns=\"4\" data-hover-effect=\"zoom\" data-text-style=\"default\" data-border-radius=\"5px\" data-grid-item-height=\"30vh\" data-grid-spacing=\"25px\" data-text-layout=\"top_left\" data-text-color=\"dark\" data-text-hover-color=\"dark\" data-shadow-hover=\"\" data-animation=\"none\" data-animation-stagger=\"90\" data-cat-click=\"default\"  data-lock-aspect=\"\"  data-text-align=\"left\" data-card=\"\" style=\"--post-grid-border-radius:5px;\" ><div class=\"nectar-post-grid-item\" data-post-id=\"1187\" data-has-img=\"true\"> <div class=\"inner\"><div class=\"nectar-post-grid-item-bg-wrap\"><div class=\"nectar-post-grid-item-bg-wrap-inner\"><a class=\"bg-wrap-link\" href=\"https:\/\/www.iidia.org\/fr\/the-gambia-launches-national-payment-systems-advisory-committee-npsac-to-strengthen-payment-system-governance\/\"><span class=\"screen-reader-text\">La Gambie lance le Comit\u00e9 consultatif national des syst\u00e8mes de paiement (NPSAC) pour renforcer la gouvernance des syst\u00e8mes de paiement<\/span><\/a><div class=\"nectar-post-grid-item-bg\"><img loading=\"lazy\" decoding=\"async\" width=\"1024\" height=\"604\" src=\"https:\/\/i0.wp.com\/www.iidia.org\/wp-content\/uploads\/2026\/02\/image00019-scaled.jpeg?fit=1024%2C604&amp;ssl=1\" class=\"attachment-large size-large wp-post-image\" alt=\"\" srcset=\"https:\/\/i0.wp.com\/www.iidia.org\/wp-content\/uploads\/2026\/02\/image00019-scaled.jpeg?w=2560&amp;ssl=1 2560w, https:\/\/i0.wp.com\/www.iidia.org\/wp-content\/uploads\/2026\/02\/image00019-scaled.jpeg?resize=300%2C177&amp;ssl=1 300w, https:\/\/i0.wp.com\/www.iidia.org\/wp-content\/uploads\/2026\/02\/image00019-scaled.jpeg?resize=1024%2C604&amp;ssl=1 1024w, https:\/\/i0.wp.com\/www.iidia.org\/wp-content\/uploads\/2026\/02\/image00019-scaled.jpeg?resize=768%2C453&amp;ssl=1 768w, https:\/\/i0.wp.com\/www.iidia.org\/wp-content\/uploads\/2026\/02\/image00019-scaled.jpeg?resize=1536%2C906&amp;ssl=1 1536w, https:\/\/i0.wp.com\/www.iidia.org\/wp-content\/uploads\/2026\/02\/image00019-scaled.jpeg?resize=2048%2C1208&amp;ssl=1 2048w, https:\/\/i0.wp.com\/www.iidia.org\/wp-content\/uploads\/2026\/02\/image00019-scaled.jpeg?resize=18%2C12&amp;ssl=1 18w, https:\/\/i0.wp.com\/www.iidia.org\/wp-content\/uploads\/2026\/02\/image00019-scaled.jpeg?w=2160&amp;ssl=1 2160w\" sizes=\"auto, (max-width: 1024px) 100vw, 1024px\" \/><\/div><\/div><\/div><div class=\"content\"><a class=\"nectar-post-grid-link\" href=\"https:\/\/www.iidia.org\/fr\/the-gambia-launches-national-payment-systems-advisory-committee-npsac-to-strengthen-payment-system-governance\/\" ><span class=\"screen-reader-text\">La Gambie lance le Comit\u00e9 consultatif national des syst\u00e8mes de paiement (NPSAC) pour renforcer la gouvernance des syst\u00e8mes de paiement<\/span><\/a><span class=\"meta-category\"><a class=\"press-release style-underline\" href=\"https:\/\/www.iidia.org\/fr\/category\/press-release\/\">Communiqu\u00e9 de presse<\/a><\/span><div class=\"item-main\"><h3 class=\"post-heading\"><a href=\"https:\/\/www.iidia.org\/fr\/the-gambia-launches-national-payment-systems-advisory-committee-npsac-to-strengthen-payment-system-governance\/\"><span>La Gambie lance le Comit\u00e9 consultatif national des syst\u00e8mes de paiement (NPSAC) pour renforcer la gouvernance des syst\u00e8mes de paiement<\/span><\/a><\/h3><div class=\"nectar-post-grid-item__excerpt-wrap item-meta-extra\"><span class=\"meta-excerpt\">New Multi-Stakeholder body to guide fair pricing, consumer protection, and interoperability in rapidly growing digital finance sector Banjul, The Gambia, 23 February 2026 - The Central Bank of The Gambia (CBG) officially launch the\u2026<\/span><\/div><span class=\"nectar-post-grid-item__meta-wrap\"><span class=\"meta-date\">f\u00e9vrier 23, 2026<\/span><\/span><\/div><\/div><\/div><\/div><div class=\"nectar-post-grid-item\" data-post-id=\"1173\" data-has-img=\"true\"> <div class=\"inner\"><div class=\"nectar-post-grid-item-bg-wrap\"><div class=\"nectar-post-grid-item-bg-wrap-inner\"><a class=\"bg-wrap-link\" href=\"https:\/\/www.iidia.org\/fr\/1173-2\/\"><span class=\"screen-reader-text\">Tirer parti des innovations technologiques pour le d\u00e9veloppement : les d\u00e9fis des ressources humaines (formation) et des infrastructures universitaires en Afrique.<\/span><\/a><div class=\"nectar-post-grid-item-bg\"><img loading=\"lazy\" decoding=\"async\" width=\"1024\" height=\"601\" src=\"https:\/\/i0.wp.com\/www.iidia.org\/wp-content\/uploads\/2026\/02\/Reduce-the-Digital-divide-cropped-2-e1771330786956.jpg?fit=1024%2C601&amp;ssl=1\" class=\"attachment-large size-large wp-post-image\" alt=\"\" srcset=\"https:\/\/i0.wp.com\/www.iidia.org\/wp-content\/uploads\/2026\/02\/Reduce-the-Digital-divide-cropped-2-e1771330786956.jpg?w=1080&amp;ssl=1 1080w, https:\/\/i0.wp.com\/www.iidia.org\/wp-content\/uploads\/2026\/02\/Reduce-the-Digital-divide-cropped-2-e1771330786956.jpg?resize=300%2C176&amp;ssl=1 300w, https:\/\/i0.wp.com\/www.iidia.org\/wp-content\/uploads\/2026\/02\/Reduce-the-Digital-divide-cropped-2-e1771330786956.jpg?resize=1024%2C601&amp;ssl=1 1024w, https:\/\/i0.wp.com\/www.iidia.org\/wp-content\/uploads\/2026\/02\/Reduce-the-Digital-divide-cropped-2-e1771330786956.jpg?resize=768%2C451&amp;ssl=1 768w, https:\/\/i0.wp.com\/www.iidia.org\/wp-content\/uploads\/2026\/02\/Reduce-the-Digital-divide-cropped-2-e1771330786956.jpg?resize=18%2C12&amp;ssl=1 18w\" sizes=\"auto, (max-width: 1024px) 100vw, 1024px\" \/><\/div><\/div><\/div><div class=\"content\"><a class=\"nectar-post-grid-link\" href=\"https:\/\/www.iidia.org\/fr\/1173-2\/\" ><span class=\"screen-reader-text\">Tirer parti des innovations technologiques pour le d\u00e9veloppement : les d\u00e9fis des ressources humaines (formation) et des infrastructures universitaires en Afrique.<\/span><\/a><span class=\"meta-category\"><a class=\"article style-underline\" href=\"https:\/\/www.iidia.org\/fr\/category\/article\/\">Article<\/a><\/span><div class=\"item-main\"><h3 class=\"post-heading\"><a href=\"https:\/\/www.iidia.org\/fr\/1173-2\/\"><span>Tirer parti des innovations technologiques pour le d\u00e9veloppement : les d\u00e9fis des ressources humaines (formation) et des infrastructures universitaires en Afrique.<\/span><\/a><\/h3><div class=\"nectar-post-grid-item__excerpt-wrap item-meta-extra\"><span class=\"meta-excerpt\">It is very common to observe complaints of local, African corporates using global workforce over national\/African workers, about the lack of appropriate skills in the continent. This poses the serious question of how prepared\u2026<\/span><\/div><span class=\"nectar-post-grid-item__meta-wrap\"><span class=\"meta-date\">f\u00e9vrier 17, 2026<\/span><\/span><\/div><\/div><\/div><\/div><div class=\"nectar-post-grid-item\" data-post-id=\"1169\" data-has-img=\"true\"> <div class=\"inner\"><div class=\"nectar-post-grid-item-bg-wrap\"><div class=\"nectar-post-grid-item-bg-wrap-inner\"><a class=\"bg-wrap-link\" href=\"https:\/\/www.iidia.org\/fr\/how-the-gambias-inclusive-and-instant-payment-system-adapted-to-drive-real-adoption\/\"><span class=\"screen-reader-text\">Comment INFITX et IIDiA ont aid\u00e9 le syst\u00e8me de paiement de la Gambie \u00e0 s\u2019adapter \u00e0 la r\u00e9alit\u00e9 et \u00e0 favoriser l\u2019adoption<\/span><\/a><div class=\"nectar-post-grid-item-bg\"><img loading=\"lazy\" decoding=\"async\" width=\"1024\" height=\"512\" src=\"https:\/\/i0.wp.com\/www.iidia.org\/wp-content\/uploads\/2026\/02\/Untitled-design-2-scaled.jpg?fit=1024%2C512&amp;ssl=1\" class=\"attachment-large size-large wp-post-image\" alt=\"\" srcset=\"https:\/\/i0.wp.com\/www.iidia.org\/wp-content\/uploads\/2026\/02\/Untitled-design-2-scaled.jpg?w=2560&amp;ssl=1 2560w, https:\/\/i0.wp.com\/www.iidia.org\/wp-content\/uploads\/2026\/02\/Untitled-design-2-scaled.jpg?resize=300%2C150&amp;ssl=1 300w, https:\/\/i0.wp.com\/www.iidia.org\/wp-content\/uploads\/2026\/02\/Untitled-design-2-scaled.jpg?resize=1024%2C512&amp;ssl=1 1024w, https:\/\/i0.wp.com\/www.iidia.org\/wp-content\/uploads\/2026\/02\/Untitled-design-2-scaled.jpg?resize=768%2C384&amp;ssl=1 768w, https:\/\/i0.wp.com\/www.iidia.org\/wp-content\/uploads\/2026\/02\/Untitled-design-2-scaled.jpg?resize=1536%2C768&amp;ssl=1 1536w, https:\/\/i0.wp.com\/www.iidia.org\/wp-content\/uploads\/2026\/02\/Untitled-design-2-scaled.jpg?resize=2048%2C1024&amp;ssl=1 2048w, https:\/\/i0.wp.com\/www.iidia.org\/wp-content\/uploads\/2026\/02\/Untitled-design-2-scaled.jpg?resize=18%2C9&amp;ssl=1 18w, https:\/\/i0.wp.com\/www.iidia.org\/wp-content\/uploads\/2026\/02\/Untitled-design-2-scaled.jpg?resize=1000%2C500&amp;ssl=1 1000w, https:\/\/i0.wp.com\/www.iidia.org\/wp-content\/uploads\/2026\/02\/Untitled-design-2-scaled.jpg?resize=670%2C335&amp;ssl=1 670w, https:\/\/i0.wp.com\/www.iidia.org\/wp-content\/uploads\/2026\/02\/Untitled-design-2-scaled.jpg?w=2160&amp;ssl=1 2160w\" sizes=\"auto, (max-width: 1024px) 100vw, 1024px\" \/><\/div><\/div><\/div><div class=\"content\"><a class=\"nectar-post-grid-link\" href=\"https:\/\/www.iidia.org\/fr\/how-the-gambias-inclusive-and-instant-payment-system-adapted-to-drive-real-adoption\/\" ><span class=\"screen-reader-text\">Comment INFITX et IIDiA ont aid\u00e9 le syst\u00e8me de paiement de la Gambie \u00e0 s\u2019adapter \u00e0 la r\u00e9alit\u00e9 et \u00e0 favoriser l\u2019adoption<\/span><\/a><span class=\"meta-category\"><a class=\"blog style-underline\" href=\"https:\/\/www.iidia.org\/fr\/category\/blog\/\">Blog<\/a><\/span><div class=\"item-main\"><h3 class=\"post-heading\"><a href=\"https:\/\/www.iidia.org\/fr\/how-the-gambias-inclusive-and-instant-payment-system-adapted-to-drive-real-adoption\/\"><span>Comment INFITX et IIDiA ont aid\u00e9 le syst\u00e8me de paiement de la Gambie \u00e0 s\u2019adapter \u00e0 la r\u00e9alit\u00e9 et \u00e0 favoriser l\u2019adoption<\/span><\/a><\/h3><div class=\"nectar-post-grid-item__excerpt-wrap item-meta-extra\"><span class=\"meta-excerpt\">By Majeed Ayinde, Payment Specialist - IIDiA The Gambia's&nbsp; Inclusive and Instant Payment System story began like many across Africa: with ambition, investment, and promise. In 2024, the country set out to build a\u2026<\/span><\/div><span class=\"nectar-post-grid-item__meta-wrap\"><span class=\"meta-date\">f\u00e9vrier 6, 2026<\/span><\/span><\/div><\/div><\/div><\/div><div class=\"nectar-post-grid-item\" data-post-id=\"1167\" data-has-img=\"false\"> <div class=\"inner\"><div class=\"nectar-post-grid-item-bg-wrap\"><div class=\"nectar-post-grid-item-bg-wrap-inner\"><a class=\"bg-wrap-link\" href=\"https:\/\/www.iidia.org\/fr\/launch-of-the-national-payment-system-advisory-committee\/\"><span class=\"screen-reader-text\">Launch of the National Payment System Advisory Committee<\/span><\/a><div class=\"nectar-post-grid-item-bg\"><\/div><\/div><\/div><div class=\"content\"><a class=\"nectar-post-grid-link\" href=\"https:\/\/www.iidia.org\/fr\/launch-of-the-national-payment-system-advisory-committee\/\" ><span class=\"screen-reader-text\">Launch of the National Payment System Advisory Committee<\/span><\/a><span class=\"meta-category\"><a class=\"communique style-underline\" href=\"https:\/\/www.iidia.org\/fr\/category\/communique\/\">Communique<\/a><\/span><div class=\"item-main\"><h3 class=\"post-heading\"><a href=\"https:\/\/www.iidia.org\/fr\/launch-of-the-national-payment-system-advisory-committee\/\"><span>Launch of the National Payment System Advisory Committee<\/span><\/a><\/h3><div class=\"nectar-post-grid-item__excerpt-wrap item-meta-extra\"><span class=\"meta-excerpt\">23rd February 2026 | Banjul, The Gambia The Government of The Gambia will officially launch the newly set up The National Payment System Advisory Committee on 23rd February 2026, marking a major milestone in\u2026<\/span><\/div><span class=\"nectar-post-grid-item__meta-wrap\"><span class=\"meta-date\">janvier 30, 2026<\/span><\/span><\/div><\/div><\/div><\/div><div class=\"nectar-post-grid-item\" data-post-id=\"1159\" data-has-img=\"true\"> <div class=\"inner\"><div class=\"nectar-post-grid-item-bg-wrap\"><div class=\"nectar-post-grid-item-bg-wrap-inner\"><a class=\"bg-wrap-link\" href=\"https:\/\/www.iidia.org\/fr\/newsletter-dec-2025\/\"><span class=\"screen-reader-text\">NEWSLETTER Dec 2025<\/span><\/a><div class=\"nectar-post-grid-item-bg\"><img loading=\"lazy\" decoding=\"async\" width=\"906\" height=\"1024\" src=\"https:\/\/i0.wp.com\/www.iidia.org\/wp-content\/uploads\/2025\/12\/Newsletter-Dec-2025-e1767165056323.jpg?fit=906%2C1024&amp;ssl=1\" class=\"attachment-large size-large wp-post-image\" alt=\"\" srcset=\"https:\/\/i0.wp.com\/www.iidia.org\/wp-content\/uploads\/2025\/12\/Newsletter-Dec-2025-e1767165056323.jpg?w=1413&amp;ssl=1 1413w, https:\/\/i0.wp.com\/www.iidia.org\/wp-content\/uploads\/2025\/12\/Newsletter-Dec-2025-e1767165056323.jpg?resize=265%2C300&amp;ssl=1 265w, https:\/\/i0.wp.com\/www.iidia.org\/wp-content\/uploads\/2025\/12\/Newsletter-Dec-2025-e1767165056323.jpg?resize=906%2C1024&amp;ssl=1 906w, https:\/\/i0.wp.com\/www.iidia.org\/wp-content\/uploads\/2025\/12\/Newsletter-Dec-2025-e1767165056323.jpg?resize=768%2C868&amp;ssl=1 768w, https:\/\/i0.wp.com\/www.iidia.org\/wp-content\/uploads\/2025\/12\/Newsletter-Dec-2025-e1767165056323.jpg?resize=1359%2C1536&amp;ssl=1 1359w, https:\/\/i0.wp.com\/www.iidia.org\/wp-content\/uploads\/2025\/12\/Newsletter-Dec-2025-e1767165056323.jpg?resize=11%2C12&amp;ssl=1 11w\" sizes=\"auto, (max-width: 906px) 100vw, 906px\" \/><\/div><\/div><\/div><div class=\"content\"><a class=\"nectar-post-grid-link\" href=\"https:\/\/www.iidia.org\/fr\/newsletter-dec-2025\/\" ><span class=\"screen-reader-text\">NEWSLETTER Dec 2025<\/span><\/a><span class=\"meta-category\"><a class=\"newsletter style-underline\" href=\"https:\/\/www.iidia.org\/fr\/category\/newsletter\/\">Newsletter<\/a><\/span><div class=\"item-main\"><h3 class=\"post-heading\"><a href=\"https:\/\/www.iidia.org\/fr\/newsletter-dec-2025\/\"><span>NEWSLETTER Dec 2025<\/span><\/a><\/h3><div class=\"nectar-post-grid-item__excerpt-wrap item-meta-extra\"><span class=\"meta-excerpt\">Newsletter Dec 2025Download Newsletter last quarter of 2025 frenchDownload<\/span><\/div><span class=\"nectar-post-grid-item__meta-wrap\"><span class=\"meta-date\">d\u00e9cembre 31, 2025<\/span><\/span><\/div><\/div><\/div><\/div><div class=\"nectar-post-grid-item\" data-post-id=\"1153\" data-has-img=\"true\"> <div class=\"inner\"><div class=\"nectar-post-grid-item-bg-wrap\"><div class=\"nectar-post-grid-item-bg-wrap-inner\"><a class=\"bg-wrap-link\" href=\"https:\/\/www.iidia.org\/fr\/the-gambia-launches-bantaba-2-0-its-first-real-time-interoperable-payment-system\/\"><span class=\"screen-reader-text\">La Gambie lance BANTABA 2.0, son premier syst\u00e8me de paiement interop\u00e9rable en temps r\u00e9el.<\/span><\/a><div class=\"nectar-post-grid-item-bg\"><img loading=\"lazy\" decoding=\"async\" width=\"1024\" height=\"726\" src=\"https:\/\/i0.wp.com\/www.iidia.org\/wp-content\/uploads\/2025\/12\/Untitled-design-1.jpg?fit=1024%2C726&amp;ssl=1\" class=\"attachment-large size-large wp-post-image\" alt=\"\" srcset=\"https:\/\/i0.wp.com\/www.iidia.org\/wp-content\/uploads\/2025\/12\/Untitled-design-1.jpg?w=1748&amp;ssl=1 1748w, https:\/\/i0.wp.com\/www.iidia.org\/wp-content\/uploads\/2025\/12\/Untitled-design-1.jpg?resize=300%2C213&amp;ssl=1 300w, https:\/\/i0.wp.com\/www.iidia.org\/wp-content\/uploads\/2025\/12\/Untitled-design-1.jpg?resize=1024%2C726&amp;ssl=1 1024w, https:\/\/i0.wp.com\/www.iidia.org\/wp-content\/uploads\/2025\/12\/Untitled-design-1.jpg?resize=768%2C545&amp;ssl=1 768w, https:\/\/i0.wp.com\/www.iidia.org\/wp-content\/uploads\/2025\/12\/Untitled-design-1.jpg?resize=1536%2C1090&amp;ssl=1 1536w, https:\/\/i0.wp.com\/www.iidia.org\/wp-content\/uploads\/2025\/12\/Untitled-design-1.jpg?resize=18%2C12&amp;ssl=1 18w\" sizes=\"auto, (max-width: 1024px) 100vw, 1024px\" \/><\/div><\/div><\/div><div class=\"content\"><a class=\"nectar-post-grid-link\" href=\"https:\/\/www.iidia.org\/fr\/the-gambia-launches-bantaba-2-0-its-first-real-time-interoperable-payment-system\/\" ><span class=\"screen-reader-text\">La Gambie lance BANTABA 2.0, son premier syst\u00e8me de paiement interop\u00e9rable en temps r\u00e9el.<\/span><\/a><span class=\"meta-category\"><a class=\"press-release style-underline\" href=\"https:\/\/www.iidia.org\/fr\/category\/press-release\/\">Communiqu\u00e9 de presse<\/a><\/span><div class=\"item-main\"><h3 class=\"post-heading\"><a href=\"https:\/\/www.iidia.org\/fr\/the-gambia-launches-bantaba-2-0-its-first-real-time-interoperable-payment-system\/\"><span>La Gambie lance BANTABA 2.0, son premier syst\u00e8me de paiement interop\u00e9rable en temps r\u00e9el.<\/span><\/a><\/h3><div class=\"nectar-post-grid-item__excerpt-wrap item-meta-extra\"><span class=\"meta-excerpt\">Banjul, The Gambia \u2013 15 December 2025 The Gambia has officially launched its first Inclusive Instant Payment System, a national interoperability platform enabling real-time digital payments for more than three million Gambians across banks,\u2026<\/span><\/div><span class=\"nectar-post-grid-item__meta-wrap\"><span class=\"meta-date\">d\u00e9cembre 20, 2025<\/span><\/span><\/div><\/div><\/div><\/div><\/div><\/div>\n\t\t\t<\/div> \n\t\t<\/div>\n\t<\/div> \n<\/div><\/div>","protected":false},"excerpt":{"rendered":"Banjul, The Gambia \u2013 15 December 2025 The Gambia has officially launched its first Inclusive Instant Payment System, a national interoperability platform enabling real-time digital payments for more than three million Gambians across banks,...","protected":false},"author":2,"featured_media":0,"parent":0,"menu_order":0,"comment_status":"closed","ping_status":"closed","template":"","meta":{"footnotes":""},"class_list":["post-49","page","type-page","status-publish"],"jetpack_sharing_enabled":true,"_links":{"self":[{"href":"https:\/\/www.iidia.org\/fr\/wp-json\/wp\/v2\/pages\/49","targetHints":{"allow":["GET"]}}],"collection":[{"href":"https:\/\/www.iidia.org\/fr\/wp-json\/wp\/v2\/pages"}],"about":[{"href":"https:\/\/www.iidia.org\/fr\/wp-json\/wp\/v2\/types\/page"}],"author":[{"embeddable":true,"href":"https:\/\/www.iidia.org\/fr\/wp-json\/wp\/v2\/users\/2"}],"replies":[{"embeddable":true,"href":"https:\/\/www.iidia.org\/fr\/wp-json\/wp\/v2\/comments?post=49"}],"version-history":[{"count":0,"href":"https:\/\/www.iidia.org\/fr\/wp-json\/wp\/v2\/pages\/49\/revisions"}],"wp:attachment":[{"href":"https:\/\/www.iidia.org\/fr\/wp-json\/wp\/v2\/media?parent=49"}],"curies":[{"name":"wp","href":"https:\/\/api.w.org\/{rel}","templated":true}]}}